{"id":106,"date":"2019-08-25T16:43:39","date_gmt":"2019-08-25T15:43:39","guid":{"rendered":"https:\/\/www.lotuscoaching.be\/?page_id=106"},"modified":"2026-02-01T16:33:15","modified_gmt":"2026-02-01T15:33:15","slug":"home-2","status":"publish","type":"page","link":"https:\/\/www.lotuscoaching.be\/fr\/","title":{"rendered":"Home"},"content":{"rendered":"<div data-elementor-type=\"wp-post\" data-elementor-id=\"106\" class=\"elementor elementor-106\">\n\t\t\t\t\t\t\t\t\t<section class=\"elementor-section elementor-top-section elementor-element elementor-element-fdeebca elementor-section-full_width elementor-section-height-min-height elementor-section-height-default elementor-section-items-middle\" data-id=\"fdeebca\" data-element_type=\"section\" data-settings=\"{&quot;background_background&quot;:&quot;classic&quot;}\">\n\t\t\t\t\t\t\t<div class=\"elementor-background-overlay\"><\/div>\n\t\t\t\t\t\t\t<div class=\"elementor-container elementor-column-gap-default\">\n\t\t\t\t\t<div class=\"elementor-column elementor-col-100 elementor-top-column elementor-element elementor-element-56f97ba\" data-id=\"56f97ba\" data-element_type=\"column\">\n\t\t\t<div class=\"elementor-widget-wrap elementor-element-populated\">\n\t\t\t\t\t\t\t\t<div class=\"elementor-element elementor-element-4c93411 animated-slow elementor-invisible elementor-widget elementor-widget-heading\" data-id=\"4c93411\" data-element_type=\"widget\" data-settings=\"{&quot;_animation&quot;:&quot;fadeIn&quot;}\" data-widget_type=\"heading.default\">\n\t\t\t\t<div class=\"elementor-widget-container\">\n\t\t\t<h1 class=\"elementor-heading-title elementor-size-default\">COACHING - CONSULTATIONS - FORMATIONS<\/h1>\t\t<\/div>\n\t\t\t\t<\/div>\n\t\t\t\t<div class=\"elementor-element elementor-element-12d1022 elementor-align-center animated-slow elementor-invisible elementor-widget elementor-widget-button\" data-id=\"12d1022\" data-element_type=\"widget\" data-settings=\"{&quot;_animation&quot;:&quot;fadeIn&quot;,&quot;_animation_delay&quot;:250}\" data-widget_type=\"button.default\">\n\t\t\t\t<div class=\"elementor-widget-container\">\n\t\t\t\t\t<div class=\"elementor-button-wrapper\">\n\t\t\t<a class=\"elementor-button elementor-button-link elementor-size-md elementor-animation-grow\" href=\"http:\/\/www.lotuscoaching.be\/fr\/contact\/\">\n\t\t\t\t\t\t<span class=\"elementor-button-content-wrapper\">\n\t\t\t\t\t\t<span class=\"elementor-button-icon elementor-align-icon-left\">\n\t\t\t\t<i aria-hidden=\"true\" class=\"fas fa-user\"><\/i>\t\t\t<\/span>\n\t\t\t\t\t\t<span class=\"elementor-button-text\">CONTACT<\/span>\n\t\t<\/span>\n\t\t\t\t\t<\/a>\n\t\t<\/div>\n\t\t\t\t<\/div>\n\t\t\t\t<\/div>\n\t\t\t\t\t<\/div>\n\t\t<\/div>\n\t\t\t\t\t\t\t<\/div>\n\t\t<\/section>\n\t\t\t\t<section class=\"elementor-section elementor-top-section elementor-element elementor-element-d20ee01 elementor-section-full_width elementor-section-height-default elementor-section-height-default\" data-id=\"d20ee01\" data-element_type=\"section\">\n\t\t\t\t\t\t<div class=\"elementor-container elementor-column-gap-extended\">\n\t\t\t\t\t<div class=\"elementor-column elementor-col-33 elementor-top-column elementor-element elementor-element-c257f9a\" data-id=\"c257f9a\" data-element_type=\"column\">\n\t\t\t<div class=\"elementor-widget-wrap elementor-element-populated\">\n\t\t\t\t\t\t\t\t<div class=\"elementor-element elementor-element-fe129e8 elementor-widget elementor-widget-heading\" data-id=\"fe129e8\" data-element_type=\"widget\" data-widget_type=\"heading.default\">\n\t\t\t\t<div class=\"elementor-widget-container\">\n\t\t\t<div id=\"ez-toc-container\" class=\"ez-toc-v2_0_77 ez-toc-wrap-left counter-hierarchy ez-toc-counter ez-toc-custom ez-toc-container-direction\">\n<p class=\"ez-toc-title\" style=\"cursor:inherit\">Inhoudsopgave<\/p>\n<label for=\"ez-toc-cssicon-toggle-item-69f88fe8c219a\" class=\"ez-toc-cssicon-toggle-label\"><span class=\"\"><span class=\"eztoc-hide\" style=\"display:none;\">Toggle<\/span><span class=\"ez-toc-icon-toggle-span\"><svg style=\"fill: #595959;color:#595959\" xmlns=\"http:\/\/www.w3.org\/2000\/svg\" class=\"list-377408\" width=\"20px\" height=\"20px\" viewbox=\"0 0 24 24\" fill=\"none\"><path d=\"M6 6H4v2h2V6zm14 0H8v2h12V6zM4 11h2v2H4v-2zm16 0H8v2h12v-2zM4 16h2v2H4v-2zm16 0H8v2h12v-2z\" fill=\"currentColor\"><\/path><\/svg><svg style=\"fill: #595959;color:#595959\" class=\"arrow-unsorted-368013\" xmlns=\"http:\/\/www.w3.org\/2000\/svg\" width=\"10px\" height=\"10px\" viewbox=\"0 0 24 24\" version=\"1.2\" baseprofile=\"tiny\"><path d=\"M18.2 9.3l-6.2-6.3-6.2 6.3c-.2.2-.3.4-.3.7s.1.5.3.7c.2.2.4.3.7.3h11c.3 0 .5-.1.7-.3.2-.2.3-.5.3-.7s-.1-.5-.3-.7zM5.8 14.7l6.2 6.3 6.2-6.3c.2-.2.3-.5.3-.7s-.1-.5-.3-.7c-.2-.2-.4-.3-.7-.3h-11c-.3 0-.5.1-.7.3-.2.2-.3.5-.3.7s.1.5.3.7z\"\/><\/svg><\/span><\/span><\/label><input type=\"checkbox\"  id=\"ez-toc-cssicon-toggle-item-69f88fe8c219a\"  aria-label=\"Toggle\" \/><nav><ul class='ez-toc-list ez-toc-list-level-1' ><li class='ez-toc-page-1 ez-toc-heading-level-2'><a class=\"ez-toc-link ez-toc-heading-1\" href=\"https:\/\/www.lotuscoaching.be\/fr\/#coaching\" >coaching<\/a><\/li><li class='ez-toc-page-1 ez-toc-heading-level-2'><a class=\"ez-toc-link ez-toc-heading-2\" href=\"https:\/\/www.lotuscoaching.be\/fr\/#consulten\" >consultations<\/a><\/li><li class='ez-toc-page-1 ez-toc-heading-level-2'><a class=\"ez-toc-link ez-toc-heading-3\" href=\"https:\/\/www.lotuscoaching.be\/fr\/#cursussen\" >cours<\/a><\/li><li class='ez-toc-page-1 ez-toc-heading-level-2'><a class=\"ez-toc-link ez-toc-heading-4\" href=\"https:\/\/www.lotuscoaching.be\/fr\/#ONZE_missie\" >NOTRE mission<\/a><\/li><li class='ez-toc-page-1 ez-toc-heading-level-2'><a class=\"ez-toc-link ez-toc-heading-5\" href=\"https:\/\/www.lotuscoaching.be\/fr\/#Wie_ben_ik\" >Qui suis-je ?<\/a><\/li><\/ul><\/nav><\/div>\n<h2 class=\"elementor-heading-title elementor-size-default\"><span class=\"ez-toc-section\" id=\"coaching\"><\/span><a href=\"https:\/\/www.lotuscoaching.be\/fr\/persoonlijke-coach\/\">coaching<\/a><span class=\"ez-toc-section-end\"><\/span><\/h2>\t\t<\/div>\n\t\t\t\t<\/div>\n\t\t\t\t<div class=\"elementor-element elementor-element-3fe9eb5 elementor-widget elementor-widget-image\" data-id=\"3fe9eb5\" data-element_type=\"widget\" data-widget_type=\"image.default\">\n\t\t\t\t<div class=\"elementor-widget-container\">\n\t\t\t\t\t\t\t\t\t\t\t\t\t\t\t\t<a href=\"https:\/\/www.lotuscoaching.be\/fr\/persoonlijke-coach\/\">\n\t\t\t\t\t\t\t<img decoding=\"async\" src=\"https:\/\/www.lotuscoaching.be\/wp-content\/uploads\/elementor\/thumbs\/hand_1-oy2dn97f07cyr89lm3rpk42ei67uvt6j4cq7bmjdmg.jpg\" title=\"hand_1\" alt=\"coaching consult therapie\" class=\"elementor-animation-grow\" loading=\"lazy\" \/>\t\t\t\t\t\t\t\t<\/a>\n\t\t\t\t\t\t\t\t\t\t\t\t\t\t\t<\/div>\n\t\t\t\t<\/div>\n\t\t\t\t<div class=\"elementor-element elementor-element-758234a elementor-widget elementor-widget-text-editor\" data-id=\"758234a\" data-element_type=\"widget\" data-widget_type=\"text-editor.default\">\n\t\t\t\t<div class=\"elementor-widget-container\">\n\t\t\t\t\t\t\t<p><strong>Votre vie pr\u00e9sente est une source d\u2019insatisfaction chronique ?<br \/>Vous vous sentez perdu ?<br \/>Votre vie ne correspond pas \u00e0 vos valeurs ?<br \/>Vous voulez plaire \u00e0 tout le monde?<br \/>Le stress prend le dessus, et vous \u00eates \u00e9puis\u00e9 ?<\/strong><\/p><p><strong><em><a href=\"https:\/\/www.lotuscoaching.be\/fr\/persoonlijke-coach\/\">En savoir plus<\/a><\/em><br \/><\/strong><\/p>\t\t\t\t\t\t<\/div>\n\t\t\t\t<\/div>\n\t\t\t\t\t<\/div>\n\t\t<\/div>\n\t\t\t\t<div class=\"elementor-column elementor-col-33 elementor-top-column elementor-element elementor-element-eb91366\" data-id=\"eb91366\" data-element_type=\"column\">\n\t\t\t<div class=\"elementor-widget-wrap elementor-element-populated\">\n\t\t\t\t\t\t\t\t<div class=\"elementor-element elementor-element-c43b87d elementor-widget elementor-widget-heading\" data-id=\"c43b87d\" data-element_type=\"widget\" data-widget_type=\"heading.default\">\n\t\t\t\t<div class=\"elementor-widget-container\">\n\t\t\t<h2 class=\"elementor-heading-title elementor-size-default\"><span class=\"ez-toc-section\" id=\"consulten\"><\/span><a href=\"https:\/\/www.lotuscoaching.be\/fr\/spirituele-consulten\/\">consultations<\/a><span class=\"ez-toc-section-end\"><\/span><\/h2>\t\t<\/div>\n\t\t\t\t<\/div>\n\t\t\t\t<div class=\"elementor-element elementor-element-619e7bc elementor-widget elementor-widget-image\" data-id=\"619e7bc\" data-element_type=\"widget\" data-settings=\"{&quot;_animation&quot;:&quot;none&quot;}\" data-widget_type=\"image.default\">\n\t\t\t\t<div class=\"elementor-widget-container\">\n\t\t\t\t\t\t\t\t\t\t\t\t\t\t\t\t<a href=\"https:\/\/www.lotuscoaching.be\/fr\/spirituele-consulten\/\">\n\t\t\t\t\t\t\t<img decoding=\"async\" src=\"https:\/\/www.lotuscoaching.be\/wp-content\/uploads\/elementor\/thumbs\/cosmos-2446021_1920-e1608740546785-p0apdoxt5rqxx5o2hyesf84d8uk1lmn1vks3sctf3s.jpg\" title=\"balans_1\" alt=\"coaching balans\" class=\"elementor-animation-grow\" loading=\"lazy\" \/>\t\t\t\t\t\t\t\t<\/a>\n\t\t\t\t\t\t\t\t\t\t\t\t\t\t\t<\/div>\n\t\t\t\t<\/div>\n\t\t\t\t<div class=\"elementor-element elementor-element-7b9bcb0 elementor-widget elementor-widget-text-editor\" data-id=\"7b9bcb0\" data-element_type=\"widget\" data-widget_type=\"text-editor.default\">\n\t\t\t\t<div class=\"elementor-widget-container\">\n\t\t\t\t\t\t\t<p><strong>Vous souhaitez plus de clart\u00e9 et d'informations sur votre situation actuelle gr\u00e2ce \u00e0 une s\u00e9ance de voyance ? <\/strong><br \/><strong>Vous \u00eates \u00e9puis\u00e9 et avez besoin d'un traitement \u00e9nerg\u00e9tique ?<\/strong><br \/><strong> \u00cates-vous embrouill\u00e9 dans vos \u00e9motions et \u00eates-vous ouvert aux techniques de lib\u00e9ration \u00e9motionnelle ?<\/strong><\/p><p><em><a href=\"https:\/\/www.lotuscoaching.be\/fr\/spirituele-consulten\/\"><strong>En savoir plus ...<\/strong><\/a><\/em><\/p>\t\t\t\t\t\t<\/div>\n\t\t\t\t<\/div>\n\t\t\t\t\t<\/div>\n\t\t<\/div>\n\t\t\t\t<div class=\"elementor-column elementor-col-33 elementor-top-column elementor-element elementor-element-acc02fb\" data-id=\"acc02fb\" data-element_type=\"column\">\n\t\t\t<div class=\"elementor-widget-wrap elementor-element-populated\">\n\t\t\t\t\t\t\t\t<div class=\"elementor-element elementor-element-cfa0917 elementor-widget elementor-widget-heading\" data-id=\"cfa0917\" data-element_type=\"widget\" data-widget_type=\"heading.default\">\n\t\t\t\t<div class=\"elementor-widget-container\">\n\t\t\t<h2 class=\"elementor-heading-title elementor-size-default\"><span class=\"ez-toc-section\" id=\"cursussen\"><\/span><a href=\"https:\/\/www.lotuscoaching.be\/fr\/cursussen-zelfontwikkeling\/\">cours<\/a><span class=\"ez-toc-section-end\"><\/span><\/h2>\t\t<\/div>\n\t\t\t\t<\/div>\n\t\t\t\t<div class=\"elementor-element elementor-element-67e3371 elementor-widget elementor-widget-image\" data-id=\"67e3371\" data-element_type=\"widget\" data-widget_type=\"image.default\">\n\t\t\t\t<div class=\"elementor-widget-container\">\n\t\t\t\t\t\t\t\t\t\t\t\t\t\t\t\t<a href=\"https:\/\/www.lotuscoaching.be\/fr\/cursussen-zelfontwikkeling\/\">\n\t\t\t\t\t\t\t<img decoding=\"async\" src=\"https:\/\/www.lotuscoaching.be\/wp-content\/uploads\/elementor\/thumbs\/cursus-opleiding-e1608740897813-p0apmtxbls9asoe74wm7nx3p5piifox3st41r79mm0.jpg\" title=\"cursus opleiding\" alt=\"cursus opleiding\" class=\"elementor-animation-grow\" loading=\"lazy\" \/>\t\t\t\t\t\t\t\t<\/a>\n\t\t\t\t\t\t\t\t\t\t\t\t\t\t\t<\/div>\n\t\t\t\t<\/div>\n\t\t\t\t<div class=\"elementor-element elementor-element-db181b5 elementor-widget elementor-widget-text-editor\" data-id=\"db181b5\" data-element_type=\"widget\" data-widget_type=\"text-editor.default\">\n\t\t\t\t<div class=\"elementor-widget-container\">\n\t\t\t\t\t\t\t<p><strong>Retrouver ses forces. Vivre son essence.<\/strong><br \/><strong>Se lib\u00e9rer des \u00e9motions limitantes.<\/strong><br \/><strong>Apporter de r\u00e9els changements dans votre vie quotidienne.<\/strong><br \/><strong>Apprendre \u00e0 faire des choix conscients.<\/strong><br \/><strong>Prendre le contr\u00f4le de votre propre vie.<\/strong><\/p><p><em><a href=\"https:\/\/www.lotuscoaching.be\/fr\/cursussen-zelfontwikkeling\/\"><strong>En savoir plus<\/strong><\/a><\/em><\/p>\t\t\t\t\t\t<\/div>\n\t\t\t\t<\/div>\n\t\t\t\t\t<\/div>\n\t\t<\/div>\n\t\t\t\t\t\t\t<\/div>\n\t\t<\/section>\n\t\t\t\t<section class=\"elementor-section elementor-top-section elementor-element elementor-element-207e77e elementor-section-height-min-height elementor-section-boxed elementor-section-height-default elementor-section-items-middle\" data-id=\"207e77e\" data-element_type=\"section\" data-settings=\"{&quot;background_background&quot;:&quot;classic&quot;}\">\n\t\t\t\t\t\t\t<div class=\"elementor-background-overlay\"><\/div>\n\t\t\t\t\t\t\t<div class=\"elementor-container elementor-column-gap-default\">\n\t\t\t\t\t<div class=\"elementor-column elementor-col-100 elementor-top-column elementor-element elementor-element-28f1cc3 animated-slow elementor-invisible\" data-id=\"28f1cc3\" data-element_type=\"column\" data-settings=\"{&quot;background_background&quot;:&quot;classic&quot;,&quot;animation&quot;:&quot;zoomIn&quot;}\">\n\t\t\t<div class=\"elementor-widget-wrap elementor-element-populated\">\n\t\t\t\t\t<div class=\"elementor-background-overlay\"><\/div>\n\t\t\t\t\t\t\t\t<div class=\"elementor-element elementor-element-916f56e elementor-widget elementor-widget-heading\" data-id=\"916f56e\" data-element_type=\"widget\" data-widget_type=\"heading.default\">\n\t\t\t\t<div class=\"elementor-widget-container\">\n\t\t\t<h2 class=\"elementor-heading-title elementor-size-medium\"><span class=\"ez-toc-section\" id=\"ONZE_missie\"><\/span>NOTRE mission<span class=\"ez-toc-section-end\"><\/span><\/h2>\t\t<\/div>\n\t\t\t\t<\/div>\n\t\t\t\t<div class=\"elementor-element elementor-element-4d29632 elementor-widget elementor-widget-text-editor\" data-id=\"4d29632\" data-element_type=\"widget\" data-widget_type=\"text-editor.default\">\n\t\t\t\t<div class=\"elementor-widget-container\">\n\t\t\t\t\t\t\t<p><em>Inspirer les autres dans leur croissance vers la conscience, le d\u00e9veloppement personnel, l'amour et l'estime de soi. Donner des outils et des perspectives pour faire remonter la l\u00e9g\u00e8ret\u00e9, la passion et l'enthousiasme. Plus vous \u00eates l\u00e9ger dans la vie, plus vous \u00eates un point de lumi\u00e8re sur la terre.<\/em><\/p>\t\t\t\t\t\t<\/div>\n\t\t\t\t<\/div>\n\t\t\t\t<div class=\"elementor-element elementor-element-5218b5f elementor-align-center elementor-widget elementor-widget-button\" data-id=\"5218b5f\" data-element_type=\"widget\" data-widget_type=\"button.default\">\n\t\t\t\t<div class=\"elementor-widget-container\">\n\t\t\t\t\t<div class=\"elementor-button-wrapper\">\n\t\t\t<a class=\"elementor-button elementor-button-link elementor-size-md\" href=\"http:\/\/www.lotuscoaching.be\/fr\/over-ons\/\">\n\t\t\t\t\t\t<span class=\"elementor-button-content-wrapper\">\n\t\t\t\t\t\t<span class=\"elementor-button-text\">En savoir plus<\/span>\n\t\t<\/span>\n\t\t\t\t\t<\/a>\n\t\t<\/div>\n\t\t\t\t<\/div>\n\t\t\t\t<\/div>\n\t\t\t\t\t<\/div>\n\t\t<\/div>\n\t\t\t\t\t\t\t<\/div>\n\t\t<\/section>\n\t\t\t\t<section class=\"elementor-section elementor-top-section elementor-element elementor-element-1f6cc52 elementor-section-boxed elementor-section-height-default elementor-section-height-default\" data-id=\"1f6cc52\" data-element_type=\"section\">\n\t\t\t\t\t\t<div class=\"elementor-container elementor-column-gap-default\">\n\t\t\t\t\t<div class=\"elementor-column elementor-col-100 elementor-top-column elementor-element elementor-element-c1dcce6\" data-id=\"c1dcce6\" data-element_type=\"column\">\n\t\t\t<div class=\"elementor-widget-wrap elementor-element-populated\">\n\t\t\t\t\t\t\t\t<div class=\"elementor-element elementor-element-276f64d elementor-widget elementor-widget-spacer\" data-id=\"276f64d\" data-element_type=\"widget\" data-widget_type=\"spacer.default\">\n\t\t\t\t<div class=\"elementor-widget-container\">\n\t\t\t\t\t<div class=\"elementor-spacer\">\n\t\t\t<div class=\"elementor-spacer-inner\"><\/div>\n\t\t<\/div>\n\t\t\t\t<\/div>\n\t\t\t\t<\/div>\n\t\t\t\t<div class=\"elementor-element elementor-element-66826e2 elementor-widget elementor-widget-heading\" data-id=\"66826e2\" data-element_type=\"widget\" data-widget_type=\"heading.default\">\n\t\t\t\t<div class=\"elementor-widget-container\">\n\t\t\t<h2 class=\"elementor-heading-title elementor-size-default\"><span class=\"ez-toc-section\" id=\"Wie_ben_ik\"><\/span><a href=\"http:\/\/www.lotuscoaching.be\/fr\/over-ons\/\">Qui suis-je ?<\/a><span class=\"ez-toc-section-end\"><\/span><\/h2>\t\t<\/div>\n\t\t\t\t<\/div>\n\t\t\t\t<section class=\"elementor-section elementor-inner-section elementor-element elementor-element-dd01c83 elementor-section-boxed elementor-section-height-default elementor-section-height-default\" data-id=\"dd01c83\" data-element_type=\"section\">\n\t\t\t\t\t\t<div class=\"elementor-container elementor-column-gap-default\">\n\t\t\t\t\t<div class=\"elementor-column elementor-col-50 elementor-inner-column elementor-element elementor-element-9d2607c\" data-id=\"9d2607c\" data-element_type=\"column\">\n\t\t\t<div class=\"elementor-widget-wrap elementor-element-populated\">\n\t\t\t\t\t\t\t\t<div class=\"elementor-element elementor-element-c103860 animated-slow elementor-invisible elementor-widget elementor-widget-image\" data-id=\"c103860\" data-element_type=\"widget\" data-settings=\"{&quot;_animation&quot;:&quot;fadeIn&quot;,&quot;_animation_delay&quot;:250}\" data-widget_type=\"image.default\">\n\t\t\t\t<div class=\"elementor-widget-container\">\n\t\t\t\t\t\t\t\t\t\t\t\t\t\t\t\t<a href=\"http:\/\/www.lotuscoaching.be\/fr\/over-ons\/\">\n\t\t\t\t\t\t\t<img decoding=\"async\" width=\"193\" height=\"300\" src=\"https:\/\/www.lotuscoaching.be\/wp-content\/uploads\/2026\/02\/inge-193x300.png\" class=\"attachment-medium size-medium wp-image-4061\" alt=\"Inge Masureel Lotuscoaching contact\" loading=\"lazy\" srcset=\"https:\/\/www.lotuscoaching.be\/wp-content\/uploads\/2026\/02\/inge-193x300.png 193w, https:\/\/www.lotuscoaching.be\/wp-content\/uploads\/2026\/02\/inge-8x12.png 8w, https:\/\/www.lotuscoaching.be\/wp-content\/uploads\/2026\/02\/inge.png 362w\" sizes=\"(max-width: 193px) 100vw, 193px\" \/>\t\t\t\t\t\t\t\t<\/a>\n\t\t\t\t\t\t\t\t\t\t\t\t\t\t\t<\/div>\n\t\t\t\t<\/div>\n\t\t\t\t\t<\/div>\n\t\t<\/div>\n\t\t\t\t<div class=\"elementor-column elementor-col-50 elementor-inner-column elementor-element elementor-element-e2d6ed4\" data-id=\"e2d6ed4\" data-element_type=\"column\">\n\t\t\t<div class=\"elementor-widget-wrap elementor-element-populated\">\n\t\t\t\t\t\t\t\t<div class=\"elementor-element elementor-element-f69453a elementor-widget elementor-widget-text-editor\" data-id=\"f69453a\" data-element_type=\"widget\" data-widget_type=\"text-editor.default\">\n\t\t\t\t<div class=\"elementor-widget-container\">\n\t\t\t\t\t\t\t<p>Je suis Inge Masureel, une personne enthousiaste, tr\u00e8s sensible et spirituelle qui se r\u00e9jouit de pouvoir inspirer et aider les autres dans le processus de r\u00e9alisation de leur potentiel, de s'accepter soi-m\u00eame et de profiter de la vie telle qu'elle se pr\u00e9sente. <em><br \/><a href=\"https:\/\/www.lotuscoaching.be\/fr\/inge-masureel\/\">En savoir plus<\/a><\/em><\/p>\t\t\t\t\t\t<\/div>\n\t\t\t\t<\/div>\n\t\t\t\t<div class=\"elementor-element elementor-element-9739ea2 elementor-align-center elementor-mobile-align-center elementor-widget elementor-widget-button\" data-id=\"9739ea2\" data-element_type=\"widget\" data-widget_type=\"button.default\">\n\t\t\t\t<div class=\"elementor-widget-container\">\n\t\t\t\t\t<div class=\"elementor-button-wrapper\">\n\t\t\t<a class=\"elementor-button elementor-button-link elementor-size-sm elementor-animation-grow\" href=\"http:\/\/www.lotuscoaching.be\/fr\/contact\/\">\n\t\t\t\t\t\t<span class=\"elementor-button-content-wrapper\">\n\t\t\t\t\t\t<span class=\"elementor-button-text\">Contact<\/span>\n\t\t<\/span>\n\t\t\t\t\t<\/a>\n\t\t<\/div>\n\t\t\t\t<\/div>\n\t\t\t\t<\/div>\n\t\t\t\t\t<\/div>\n\t\t<\/div>\n\t\t\t\t\t\t\t<\/div>\n\t\t<\/section>\n\t\t\t\t\t<\/div>\n\t\t<\/div>\n\t\t\t\t\t\t\t<\/div>\n\t\t<\/section>\n\t\t\t\t\t\t\t<\/div>","protected":false},"excerpt":{"rendered":"<p>COACHING &#8211; CONSULTEN &#8211; CURSUSSEN CONTACT coaching Ben je ontevreden over je leven ?Ben je de weg even kwijt ?Wil je anders in het leven staan ?Heb je je zo aangepast aan anderen dat je jezelf niet meer herkent?Neemt de stress over, en heb je last van burn-out? Lees verder&#8230; consulten Wil je meer duidelijkheid &hellip;<\/p>\n<p class=\"read-more\"> <a class=\"\" href=\"https:\/\/www.lotuscoaching.be\/fr\/\"> <span class=\"screen-reader-text\">Home<\/span> Lire la suite\u00a0\u00bb<\/a><\/p>","protected":false},"author":1,"featured_media":0,"parent":0,"menu_order":0,"comment_status":"closed","ping_status":"closed","template":"","meta":[],"_links":{"self":[{"href":"https:\/\/www.lotuscoaching.be\/fr\/wp-json\/wp\/v2\/pages\/106"}],"collection":[{"href":"https:\/\/www.lotuscoaching.be\/fr\/wp-json\/wp\/v2\/pages"}],"about":[{"href":"https:\/\/www.lotuscoaching.be\/fr\/wp-json\/wp\/v2\/types\/page"}],"author":[{"embeddable":true,"href":"https:\/\/www.lotuscoaching.be\/fr\/wp-json\/wp\/v2\/users\/1"}],"replies":[{"embeddable":true,"href":"https:\/\/www.lotuscoaching.be\/fr\/wp-json\/wp\/v2\/comments?post=106"}],"version-history":[{"count":139,"href":"https:\/\/www.lotuscoaching.be\/fr\/wp-json\/wp\/v2\/pages\/106\/revisions"}],"predecessor-version":[{"id":4064,"href":"https:\/\/www.lotuscoaching.be\/fr\/wp-json\/wp\/v2\/pages\/106\/revisions\/4064"}],"wp:attachment":[{"href":"https:\/\/www.lotuscoaching.be\/fr\/wp-json\/wp\/v2\/media?parent=106"}],"curies":[{"name":"wp","href":"https:\/\/api.w.org\/{rel}","templated":true}]}}